{"id":149,"date":"2021-12-01T18:27:11","date_gmt":"2021-12-01T18:27:11","guid":{"rendered":"https:\/\/tanok-art.com\/?page_id=149"},"modified":"2025-03-04T16:48:34","modified_gmt":"2025-03-04T16:48:34","slug":"prueba","status":"publish","type":"page","link":"https:\/\/tanok-art.com\/","title":{"rendered":"Tanok Art"},"content":{"rendered":"<p><a id=\"ueber_uns\"><\/a><span style=\"font-size: 8pt; color: #282728;\">ueber_uns<\/span><\/p>\n<div class=\"section-full-width section-dark parallax-fixed\" style=\"background-color:#f7f7f7;\" id=\"section-1\"><div style=\"background-image:url(https:\/\/tanok-art.com\/wp-content\/uploads\/2022\/01\/Camara-3.jpg); opacity:0.1; filter: alpha(opacity=10);\" class=\"full-bg-image\" ><\/div><div class=\"section-boxed\" style=\"color:#777777;\"><\/p>\n<div class=\"cols-wrapper cols-2\">\n<p>&nbsp;<\/p>\n<div class=\"col\">\n<p>&nbsp;<\/p>\n<p><span style=\"font-size: 14pt;\"><strong><span style=\"color: #000000;\">WER UND WAS STECKT HINTER TANOK ART PRODUCTIONS?<\/span><\/strong><\/span><\/p>\n<p>&nbsp;<\/p>\n<p><span style=\"color: #000000;\"><span style=\"font-size: 12pt;\">Wir sind eine Produktionsfirma mit Sitz in K\u00f6ln und haben uns auf die Erstellung audiovisueller und multimedialer Inhalte spezialisiert. Unsere Motivation ist die Leidenschaft und Faszination f\u00fcr Kunst, Musik und Kultur.<\/span><\/span><\/p>\n<p><span style=\"color: #000000;\"><span style=\"font-size: 12pt;\">Hinter Tanok Art Productions steht ein Konzept, dass uns erlaubt durch unsere Erfahrung und Kooperation mit Spezialisten aus den Bereichen Audio-, Video und Fotografie das bestm\u00f6gliche Ergebnis f\u00fcr Sie und Ihr Projekt zu erzielen.\u00a0<\/span><\/span><\/p>\n<p><strong><span style=\"color: #000000;\"><span style=\"font-size: 12pt;\">Wir produzieren:<\/span><\/span><\/strong><\/p>\n<p><strong><span style=\"color: #000000;\"><span style=\"font-size: 12pt;\">Instrumental Musikvideos, Projektpr\u00e4sentationen und Dokumentationen, Video-Portraits, Imagefilme sowie Virtuelle 360\u00b0 Rundg\u00e4nge und Fotografie.\u00a0<\/span><\/span><\/strong><\/p>\n<p><span style=\"color: #000000;\"><span style=\"font-size: 12pt;\">Unser Angebot richtet sich an Kunst- und Kulturschaffende als auch an Kulturbetriebe sowie all diejenigen, die Ihre Projektidee \u00e4sthetisch umsetzen m\u00f6chten. Zu unseren Kunden geh\u00f6ren vor allem Galerien, Konzerth\u00e4user sowie Musiker und K\u00fcnstler.<\/span><\/span><\/p>\n<p><span style=\"color: #000000;\"><span style=\"font-size: 12pt;\"><span style=\"text-decoration: underline;\"><strong><span style=\"color: #000000; text-decoration: underline;\"><a style=\"color: #000000; text-decoration: underline;\" href=\"#kontakt\">Kontaktieren Sie uns<\/a><\/span><\/strong><\/span>, wir beraten Sie gerne und freuen uns auf Ihr Projekt!<\/span><\/span><\/p>\n<\/div>\n<div class=\"col nomargin\">\n<p><img loading=\"lazy\" decoding=\"async\" class=\"size-medium wp-image-270 aligncenter\" src=\"https:\/\/tanok-art.com\/wp-content\/uploads\/2021\/12\/Jhon-Tanok-Art-Productions-Logo-Vertical-Rojo-Fondo-Blanco-300x286.png\" alt=\"\" width=\"300\" height=\"286\" srcset=\"https:\/\/tanok-art.com\/wp-content\/uploads\/2021\/12\/Jhon-Tanok-Art-Productions-Logo-Vertical-Rojo-Fondo-Blanco-300x286.png 300w, https:\/\/tanok-art.com\/wp-content\/uploads\/2021\/12\/Jhon-Tanok-Art-Productions-Logo-Vertical-Rojo-Fondo-Blanco-1024x975.png 1024w, https:\/\/tanok-art.com\/wp-content\/uploads\/2021\/12\/Jhon-Tanok-Art-Productions-Logo-Vertical-Rojo-Fondo-Blanco-768x731.png 768w, https:\/\/tanok-art.com\/wp-content\/uploads\/2021\/12\/Jhon-Tanok-Art-Productions-Logo-Vertical-Rojo-Fondo-Blanco-1536x1463.png 1536w, https:\/\/tanok-art.com\/wp-content\/uploads\/2021\/12\/Jhon-Tanok-Art-Productions-Logo-Vertical-Rojo-Fondo-Blanco.png 1575w\" sizes=\"auto, (max-width: 300px) 100vw, 300px\" \/><\/p>\n<p><img loading=\"lazy\" decoding=\"async\" class=\"wp-image-1034 aligncenter\" src=\"https:\/\/tanok-art.com\/wp-content\/uploads\/2022\/02\/Jhon_selbstportrait_BW_IV-292x300.png\" alt=\"\" width=\"155\" height=\"159\" srcset=\"https:\/\/tanok-art.com\/wp-content\/uploads\/2022\/02\/Jhon_selbstportrait_BW_IV-292x300.png 292w, https:\/\/tanok-art.com\/wp-content\/uploads\/2022\/02\/Jhon_selbstportrait_BW_IV-768x790.png 768w, https:\/\/tanok-art.com\/wp-content\/uploads\/2022\/02\/Jhon_selbstportrait_BW_IV.png 909w\" sizes=\"auto, (max-width: 155px) 100vw, 155px\" \/><\/p>\n<p style=\"text-align: center;\"><span style=\"color: #000000;\"><strong>JHON JIM\u00c9NEZ<\/strong><\/span><\/p>\n<\/div>\n<p>&nbsp;<\/p>\n<\/div>\n<p><a id=\"Film\"><\/a><span style=\"color: #e6e6e6;\">Film<\/span><\/p>\n<p>\n<\/div><\/div>\n<div class=\"section-full-width section-dark parallax-fixed\" style=\"background-color:#252525;\" id=\"filmampvideoproduktion\"><div class=\"section-boxed\" style=\"color:#777777;\"><h2 class=\"section-title\" style=\"color:#dedbde;\">Film &amp; Videoproduktion<\/h2><p>&nbsp;<\/p>\n<p>&nbsp;<\/p>\n<p style=\"text-align: left;\"><span style=\"font-weight: 400; font-size: 12pt; color: #ffffff;\">Wir produzieren kreative und \u00e4sthetische Instrumental Musikvideos, Projektpr\u00e4sentationen und Dokumentationen sowie Video-Portraits und Imagefilme. <\/span><\/p>\n<p style=\"text-align: left;\"><span style=\"font-weight: 400; font-size: 12pt; color: #ffffff;\">Ein hoher Qualit\u00e4tsanspruch und die Zufriedenheit unserer Kunden ist unser oberstes Ziel.<\/span><\/p>\n<p style=\"text-align: left;\"><span style=\"font-weight: 400; font-size: 12pt; color: #ffffff;\">Au\u00dferhalb von Deutschland haben wir in L\u00e4ndern wie \u00d6sterreich, Italien, Kolumbien, Venezuela und Mexiko verschiedene Film- und Videoprojekte\u00a0 durchgef\u00fchrt.<\/span><\/p>\n<p style=\"text-align: left;\"><span style=\"font-size: 12pt; color: #ffffff;\"><span style=\"font-weight: 400;\">Hier eine Auswahl unserer Arbeit, gerne beraten wir Sie, <span style=\"color: #ffffff;\"><a style=\"color: #ffffff;\" href=\"#kontakt\"><span style=\"text-decoration: underline;\">kontaktieren Sie uns.<\/span><\/a><\/span><\/span><\/span><\/p>\n<div class=\"portfolio-carousel pc-no-link pc-spacing pc-effect-icon pc-effect-zoom pc-effect-overlay\"><div class=\"pc-header\"><div class=\"carousel-title\"> <h4 class=\"small-title\">MUSIKVIDEOS<\/h4><\/div><\/div><div class=\"pc-wrapper\"><div class=\"pc-holder\"><div class=\"pc-page-wrapper\"><div class=\"pc-item\" data-defwidth=\"396\" data-type=\"smallvideo\" data-itemid=\"225\"><a href=\"https:\/\/tanok-art.com\/?portfolio=musikvideos\" title=\"Produktion in Caracas, Venezuela\"><div class=\"pg-img-wrapper\"><span class=\"icon-circle\"><span class=\"pg-icon smallvideo-icon\"><\/span><\/span><img decoding=\"async\" src=\"https:\/\/tanok-art.com\/wp-content\/uploads\/2021\/12\/Orquesta-ccs-586x349.jpg\" alt=\"Produktion in Caracas, Venezuela\"\/><\/div><div class=\"pg-info\"><div class=\"pg-details\"><h2>Produktion in Caracas, Venezuela<\/h2><span class=\"pg-categories\">Musikvideos<\/span><\/div><\/div><\/a><\/div><div class=\"pc-item\" data-defwidth=\"396\" data-type=\"smallvideo\" data-itemid=\"235\"><a href=\"https:\/\/tanok-art.com\/?portfolio=bjo-rms\" title=\"Produktion in der K\u00f6lner Philharmonie SJBO\"><div class=\"pg-img-wrapper\"><span class=\"icon-circle\"><span class=\"pg-icon smallvideo-icon\"><\/span><\/span><img decoding=\"async\" src=\"https:\/\/tanok-art.com\/wp-content\/uploads\/2021\/12\/01-JBO-The-wind-in-the-willows-Final-586x349.jpg\" alt=\"Produktion in der K\u00f6lner Philharmonie SJBO\"\/><\/div><div class=\"pg-info\"><div class=\"pg-details\"><h2>Produktion in der K\u00f6lner Philharmonie SJBO<\/h2><span class=\"pg-categories\">Musikvideos<\/span><\/div><\/div><\/a><\/div><\/div><div class=\"pc-page-wrapper\"><div class=\"pc-item\" data-defwidth=\"396\" data-type=\"smallvideo\" data-itemid=\"236\"><a href=\"https:\/\/tanok-art.com\/?portfolio=produktion-in-der-koelner-philharmonie-ii\" title=\"Produktion in der K\u00f6lner Philharmonie Klavierduo\"><div class=\"pg-img-wrapper\"><span class=\"icon-circle\"><span class=\"pg-icon smallvideo-icon\"><\/span><\/span><img decoding=\"async\" src=\"https:\/\/tanok-art.com\/wp-content\/uploads\/2021\/12\/05-Klavierduo-Poulenc-586x349.jpg\" alt=\"Produktion in der K\u00f6lner Philharmonie Klavierduo\"\/><\/div><div class=\"pg-info\"><div class=\"pg-details\"><h2>Produktion in der K\u00f6lner Philharmonie Klavierduo<\/h2><span class=\"pg-categories\">Musikvideos<\/span><\/div><\/div><\/a><\/div><div class=\"pc-item\" data-defwidth=\"396\" data-type=\"smallvideo\" data-itemid=\"237\"><a href=\"https:\/\/tanok-art.com\/?portfolio=produktion-beim-internationalen-gitarrenfestival-koblenz\" title=\"Produktion Internationalen Gitarrenfestival Koblenz\"><div class=\"pg-img-wrapper\"><span class=\"icon-circle\"><span class=\"pg-icon smallvideo-icon\"><\/span><\/span><img decoding=\"async\" src=\"https:\/\/tanok-art.com\/wp-content\/uploads\/2021\/12\/Last-encores_thumbnail-586x349.jpg\" alt=\"Produktion Internationalen Gitarrenfestival Koblenz\"\/><\/div><div class=\"pg-info\"><div class=\"pg-details\"><h2>Produktion Internationalen Gitarrenfestival Koblenz<\/h2><span class=\"pg-categories\">Musikvideos<\/span><\/div><\/div><\/a><\/div><\/div><\/div><\/div><div class=\"clear\"><\/div><div class=\"clear\"><\/div><\/div>\n<p>\n<\/div><\/div>\n<div class=\"section-full-width section-dark\" style=\"background-color:#252525;\" id=\"section-2\"><div class=\"section-boxed\" style=\"color:#252525;\"><div class=\"portfolio-carousel pc-no-link pc-spacing pc-effect-icon pc-effect-zoom pc-effect-overlay\"><div class=\"pc-header\"><div class=\"carousel-title\"> <h4 class=\"small-title\">Dokumentationen &amp; Projektpr\u00e4sentationen<\/h4><\/div><\/div><div class=\"pc-wrapper\"><div class=\"pc-holder\"><div class=\"pc-page-wrapper\"><div class=\"pc-item\" data-defwidth=\"396\" data-type=\"smallvideo\" data-itemid=\"177\"><a href=\"https:\/\/tanok-art.com\/?portfolio=videos-tanok\" title=\"Dokumentarfilm Unausl\u00f6schliche Spuren\"><div class=\"pg-img-wrapper\"><span class=\"icon-circle\"><span class=\"pg-icon smallvideo-icon\"><\/span><\/span><img decoding=\"async\" src=\"https:\/\/tanok-art.com\/wp-content\/uploads\/2021\/12\/trailer-thumbnail-586x349.jpg\" alt=\"Dokumentarfilm Unausl\u00f6schliche Spuren\"\/><\/div><div class=\"pg-info\"><div class=\"pg-details\"><h2>Dokumentarfilm Unausl\u00f6schliche Spuren<\/h2><span class=\"pg-categories\">Projekte<\/span><\/div><\/div><\/a><\/div><div class=\"pc-item\" data-defwidth=\"396\" data-type=\"smallvideo\" data-itemid=\"221\"><a href=\"https:\/\/tanok-art.com\/?portfolio=projektpraesentation\" title=\"Projekt Feel Sounds Sozialprojekt\"><div class=\"pg-img-wrapper\"><span class=\"icon-circle\"><span class=\"pg-icon smallvideo-icon\"><\/span><\/span><img decoding=\"async\" src=\"https:\/\/tanok-art.com\/wp-content\/uploads\/2021\/12\/Polen1-586x349.jpg\" alt=\"Projekt Feel Sounds Sozialprojekt\"\/><\/div><div class=\"pg-info\"><div class=\"pg-details\"><h2>Projekt Feel Sounds Sozialprojekt<\/h2><span class=\"pg-categories\">Projekte<\/span><\/div><\/div><\/a><\/div><\/div><div class=\"pc-page-wrapper\"><div class=\"pc-item\" data-defwidth=\"396\" data-type=\"smallvideo\" data-itemid=\"226\"><a href=\"https:\/\/tanok-art.com\/?portfolio=verfilmung-von-musikprojekten\" title=\"175 Jahre Rheinische Musikschule\"><div class=\"pg-img-wrapper\"><span class=\"icon-circle\"><span class=\"pg-icon smallvideo-icon\"><\/span><\/span><img decoding=\"async\" src=\"https:\/\/tanok-art.com\/wp-content\/uploads\/2021\/12\/thumbnail-JBO-color-586x349.jpg\" alt=\"175 Jahre Rheinische Musikschule\"\/><\/div><div class=\"pg-info\"><div class=\"pg-details\"><h2>175 Jahre Rheinische Musikschule<\/h2><span class=\"pg-categories\">Projekte<\/span><\/div><\/div><\/a><\/div><\/div><\/div><\/div><div class=\"clear\"><\/div><div class=\"clear\"><\/div><\/div>\n<p><a id=\"VirtualTours\"><\/a><a id=\"Fotografie\"><\/a>VirtualTours<\/p>\n<p>\n<\/div><\/div>\n<div class=\"section-full-width section-dark\" style=\"background-color:#ffffff;\" id=\"virtualtours\"><div class=\"section-boxed\" style=\"color:#252525;\"><h2 class=\"section-title\" style=\"color:#252525;\">VIRTUAL TOURS<\/h2><p><span style=\"font-size: 12pt;\">Die 360\u00b0 Fotografie bietet in Verbindung mit der Erstellung von Virtual Tours f\u00fcr unter anderem K\u00fcnstler, Museen und Galerien enorme M\u00f6glichkeiten die k\u00fcnstlerische Arbeit zu verbreiten, einen Einblick in R\u00e4umlichkeiten zu gew\u00e4hren und dadurch ein breites Publikum auf globaler Ebene zu erreichen.<\/span><\/p>\n<p><span style=\"font-size: 12pt;\">Wir erstellen f\u00fcr Sie virtuelle 360\u00b0 Rundg\u00e4nge, um Sie darin zu unterst\u00fctzen Ihre k\u00fcnstlerische Arbeit, Ihr Projekt oder Ihre R\u00e4umlichkeiten zu pr\u00e4sentieren und damit Ihre Bekanntheit zu steigern. Wir arbeiten mit HDR-Fotografie, die qualitativ hochwertige Bilder liefert. Das Ergebnis sind kontrastscharfe und ausgewogene Bilder, auch bei ung\u00fcnstigen Lichtverh\u00e4ltnissen, die es dem Zuschauer erm\u00f6glichen alle Details originalgetreu zu erfassen und gleichzeitig das Eintauchen in den virtuellen Raum zu einem Erlebnis machen.<\/span><\/p>\n<p><span style=\"font-size: 12pt;\"><strong><a href=\"https:\/\/tanok-art.com\/#kontakt\">Kontaktieren Sie uns<\/a><\/strong>, gerne beraten wir Sie ausf\u00fchrlich zu diesem Thema.<\/span><\/p>\n<p>&nbsp;<\/p>\n<p style=\"text-align: center;\"><span style=\"font-size: 10pt;\">Paraninfo &#8211; Akademiepalast Caracas, Venezuela<\/span><\/p>\n<p><a href=\"https:\/\/media.tanok-art.com\/virtualtours\/paraninfo\/\" target=\"_blank\" rel=\"noopener\"><img decoding=\"async\" class=\"img-frame aligncenter\" src=\"https:\/\/tanok-art.com\/wp-content\/uploads\/2025\/02\/Paraninfo-scaled.jpg\" \/><\/a><\/p>\n<p>&nbsp;<\/p>\n<p style=\"text-align: center;\"><span style=\"font-size: 10pt;\">Kunstausstellung, K\u00f6ln, Deutschland<\/span><\/p>\n<p><a href=\"https:\/\/media.tanok-art.com\/virtualtours\/kunstprojekt-tk\/\" target=\"_blank\" rel=\"noopener\"><img decoding=\"async\" class=\"img-frame aligncenter\" src=\"https:\/\/tanok-art.com\/wp-content\/uploads\/2025\/02\/P5-Kunstprojekt_Pano-scaled.jpg\" \/><\/a><\/p>\n<p>&nbsp;<\/p>\n<p style=\"text-align: center;\"><span style=\"font-size: 10pt;\">Kirche St. Theodor, K\u00f6ln Vingst, Deutschland<\/span><\/p>\n<p><a href=\"https:\/\/media.tanok-art.com\/virtualtours\/st-theodor\/\" target=\"_blank\" rel=\"noopener\"><img decoding=\"async\" class=\"img-frame aligncenter\" src=\"https:\/\/tanok-art.com\/wp-content\/uploads\/2025\/02\/St-Theodor-scaled.jpg\" \/><\/a><\/p>\n<p>&nbsp;<\/p>\n<p style=\"text-align: center;\"><span style=\"font-size: 10pt;\">Kirche St. Elisabeth, K\u00f6ln Vingst, Deutschland<\/span><\/p>\n<p><a href=\"https:\/\/media.tanok-art.com\/virtualtours\/st-elisabeth\/\" target=\"_blank\" rel=\"noopener\"><img decoding=\"async\" class=\"img-frame aligncenter\" src=\"https:\/\/tanok-art.com\/wp-content\/uploads\/2025\/02\/St-Elisabeth_pano_2-scaled.jpg\" \/><\/a><\/p>\n<p>\n<\/div><\/div>\n<div class=\"section-full-width section-dark\" style=\"background-color:#b8b7b6;\" id=\"fotografie\"><div class=\"section-boxed\" style=\"color:#252525;\"><h2 class=\"section-title\" style=\"color:#252525;\">FOTOGRAFIE<\/h2><h4 style=\"color:#252525;\" class=\"sub-title\">\u201cDas Wesen des Menschen bei der Aufnahme sichtbar zu machen, ist die h\u00f6chste Kunst der Fotografie.\u201d Friedrich D\u00fcrrenmatt.<\/h4><p><span style=\"font-weight: 400; font-size: 12pt; color: #000000;\">Wir erz\u00e4hlen gerne Geschichten in Bildern. Gerade bei Personenaufnahmen ist nicht nur entscheidend was direkt vor der Kamera passiert, sondern die Idee hinter der Fotografie und die pers\u00f6nliche Geschichte, die wir versuchen festzuhalten.<\/span><\/p>\n<p><span style=\"font-weight: 400; font-size: 12pt; color: #000000;\">Gerne fotografieren wir Sie \u201eon location\u201c oder mit mobilem Fotostudio. In der Postproduktion erfolgt nach Ihrem Wunsch Optimierung und Veredelung, sodass Sie als Kunde ein zur Ver\u00f6ffentlichung in Print und Digitalen Medien fertiges Produkt zur Verf\u00fcgung haben.<\/span><\/p>\n<p><span style=\"font-weight: 400; font-size: 12pt;\">Bei Interesse <\/span><span style=\"font-weight: 400; font-size: 12pt; color: #000000;\"><span style=\"text-decoration: underline;\"><a style=\"color: #000000; text-decoration: underline;\" href=\"#kontakt\">Kontaktieren Sie uns<\/a><\/span>.<\/span><\/p>\n<p>\n<\/div><\/div>\n\r\n<div class=\"content-slider-wrapper\" >\r\n<div class=\"content-slider cols-wrapper cols-2\" id=\"content-slider-149\" >\r\n\t<div class=\"section-boxed\">\r\n\t<ul id=\"cs-slider-ul\" style=\"min-height:370px;\">\r\n\t\t\r\n\t\t\t <li data-bg_image_url=\"https:\/\/tanok-art.com\/wp-content\/uploads\/2022\/01\/TANOK-Etui-USB-7b.jpg\" data-bg_image_opacity=\"1\" data-layout=\"centered\" data-animation=\"slideLeft\" data-bg_color=\"\" data-bg_align=\"center top\" data-bg_style=\"contain\" data-thumbnail=\"https:\/\/tanok-art.com\/wp-content\/uploads\/2022\/01\/TANOK-Etui-USB-7b-150x150.jpg\" class=\"cs-layout-centered\" style=\"color:#;\">\r\n\r\n\t\t\t\t<!-- first slider box -->\r\n\t\t\t\t<div class=\"cs-content-centered col cs-content\">\r\n\t\t\t\t\t\t\t\t\t<\/div>\r\n\t\t\t\t<!-- second slider box -->\r\n\r\n\t\t\t\t\t\t\t<\/li>\r\n\t\t\t <li data-bg_image_url=\"https:\/\/tanok-art.com\/wp-content\/uploads\/2021\/12\/Adriana-52-despues.jpg\" data-bg_image_opacity=\"1\" data-layout=\"centered\" data-animation=\"slideLeft\" data-bg_color=\"\" data-bg_align=\"center top\" data-bg_style=\"contain\" data-thumbnail=\"https:\/\/tanok-art.com\/wp-content\/uploads\/2021\/12\/Adriana-52-despues-150x150.jpg\" class=\"cs-layout-centered\" style=\"color:#;\">\r\n\r\n\t\t\t\t<!-- first slider box -->\r\n\t\t\t\t<div class=\"cs-content-centered col cs-content\">\r\n\t\t\t\t\t\t\t\t\t<\/div>\r\n\t\t\t\t<!-- second slider box -->\r\n\r\n\t\t\t\t\t\t\t<\/li>\r\n\t\t\t <li data-bg_image_url=\"https:\/\/tanok-art.com\/wp-content\/uploads\/2022\/02\/Adriana-vintage.jpg\" data-bg_image_opacity=\"1\" data-layout=\"centered\" data-animation=\"random\" data-bg_color=\"\" data-bg_align=\"center top\" data-bg_style=\"contain\" data-thumbnail=\"https:\/\/tanok-art.com\/wp-content\/uploads\/2022\/02\/Adriana-vintage-150x150.jpg\" class=\"cs-layout-centered\" style=\"color:#;\">\r\n\r\n\t\t\t\t<!-- first slider box -->\r\n\t\t\t\t<div class=\"cs-content-centered col cs-content\">\r\n\t\t\t\t\t\t\t\t\t<\/div>\r\n\t\t\t\t<!-- second slider box -->\r\n\r\n\t\t\t\t\t\t\t<\/li>\t<\/ul>\r\n<\/div>\r\n<\/div>\r\n<\/div><div class=\"clear\"><\/div>\n<div class=\"section-full-width section-dark\" style=\"background-color:#b8b7b6;\" id=\"section-3\"><div class=\"section-boxed\" style=\"color:#b8b7b6;\"><\/p>\n<h4><a id=\"Audioproduktion\"><\/a><span style=\"color: #b8b7b6;\">Audioproduktion<\/span><\/h4>\n<p>\n<\/div><\/div>\n<div class=\"section-full-width section-dark\" style=\"background-color:#252525;\" id=\"audioproduktion\"><div class=\"section-boxed\" style=\"color:#ffffff;\"><h2 class=\"section-title\" style=\"color:#ffffff;\">Audioproduktion<\/h2><\/p>\n<h5><img loading=\"lazy\" decoding=\"async\" class=\"img-frame aligncenter\" src=\"https:\/\/tanok-art.com\/wp-content\/uploads\/2022\/01\/Audio-icon-1.png\" width=\"126\" height=\"137\" \/><\/h5>\n<h5><\/h5>\n<p><span style=\"font-weight: 400; font-size: 12pt; color: #ffffff;\">Wir haben uns auf Instrumentenaufnahmen aus dem Bereich der klassischen Musik spezialisiert und blicken auf f\u00fcnfzehn Jahre Erfahrung zur\u00fcck in den wir mit <\/span><\/p>\n<p><span style=\"font-weight: 400; font-size: 12pt; color: #ffffff;\">Solisten und Musikensembles zusammengearbeitet haben.<\/span><\/p>\n<p><span style=\"font-weight: 400; font-size: 12pt; color: #ffffff;\">Unser Ziel ist es den nat\u00fcrlichsten Klang eines jeden Instruments zu erkennen und Ihren pers\u00f6nlichen Klang in einer professionellen Aufnahme einzufangen.\u00a0<\/span><\/p>\n<p><span style=\"font-weight: 400; font-size: 12pt; color: #ffffff;\">Sowohl unser beruflicher Werdegang sowie langj\u00e4hrige Erfahrung im Bereich der klassischen Musik als auch unser Anspruch auf hohe Qualit\u00e4t, erlauben es uns sie bestm\u00f6glich bei Ihrer Aufnahme zu unterst\u00fctzen. Wir informieren Sie gerne. <span style=\"text-decoration: underline;\"><a style=\"color: #ffffff; text-decoration: underline;\" href=\"#kontakt\">Kontaktieren Sie uns.<\/a><\/span><\/span><\/p>\n<p>&nbsp;<\/p>\n<p>&nbsp;<\/p>\n<p>&nbsp;<\/p>\n<p>\n<\/div><\/div>\n<div class=\"section-full-width section-dark\" style=\"background-color:#919191;\" id=\"unserepartner\"><div class=\"section-boxed\" style=\"color:#ffffff;\"><h2 class=\"section-title\" style=\"color:#252525;\">UNSERE PARTNER<\/h2><p>&nbsp;<\/p>\n<p>&nbsp;<\/p>\n<p><img loading=\"lazy\" decoding=\"async\" class=\"alignnone size-full wp-image-1142\" src=\"https:\/\/tanok-art.com\/wp-content\/uploads\/2022\/02\/unsere-Team-Mata-color-bordes-redondeados.png\" alt=\"\" width=\"1462\" height=\"460\" srcset=\"https:\/\/tanok-art.com\/wp-content\/uploads\/2022\/02\/unsere-Team-Mata-color-bordes-redondeados.png 1462w, https:\/\/tanok-art.com\/wp-content\/uploads\/2022\/02\/unsere-Team-Mata-color-bordes-redondeados-300x94.png 300w, https:\/\/tanok-art.com\/wp-content\/uploads\/2022\/02\/unsere-Team-Mata-color-bordes-redondeados-1024x322.png 1024w, https:\/\/tanok-art.com\/wp-content\/uploads\/2022\/02\/unsere-Team-Mata-color-bordes-redondeados-768x242.png 768w\" sizes=\"auto, (max-width: 1462px) 100vw, 1462px\" \/><\/p>\n<p>&nbsp;<\/p>\n<p>\n<\/div><\/div>\n<div class=\"section-full-width section-dark\" style=\"background-color:#ffffff;\" id=\"einigeunsererkunden\"><div class=\"section-boxed\" style=\"color:#ffffff;\"><h2 class=\"section-title\" style=\"color:#252525;\">EINIGE UNSERER KUNDEN<\/h2><p><img decoding=\"async\" class=\"img-frame \" src=\"https:\/\/tanok-art.com\/wp-content\/uploads\/2023\/01\/Kundenlogos.png\" \/><\/p>\n<map id=\"ImageMapsCom-image-maps-2022-01-10-161046\" name=\"image-maps-2022-01-10-161046\">\n<area style=\"outline: none;\" title=\"\" alt=\"\" coords=\"31,225,289,311\" shape=\"rect\" href=\"https:\/\/karak-galerie.de\/\" target=\"_blank\" \/>\n<area style=\"outline: none;\" title=\"Image Map\" alt=\"Image Map\" coords=\"958,358,960,360\" shape=\"rect\" href=\"http:\/\/www.image-maps.com\/index.php?aff=mapped_users_110713\" \/> <\/map>\n<p><a id=\"kontakt\"><\/a>kontakt<\/p>\n<p>\n<\/div><\/div>\n<div class=\"section-full-width section-dark\" style=\"background-color:#252525;\" id=\"kontakt\"><div class=\"section-boxed\" style=\"color:#ffffff;\"><h2 class=\"section-title\" style=\"color:#ffffff;\">Kontakt<\/h2><p>&nbsp;<\/p>\n<p style=\"text-align: center;\"><div class=\"wpforms-container wpforms-container-full\" id=\"wpforms-742\"><form id=\"wpforms-form-742\" class=\"wpforms-validate wpforms-form wpforms-ajax-form\" data-formid=\"742\" method=\"post\" enctype=\"multipart\/form-data\" action=\"\/index.php?rest_route=%2Fwp%2Fv2%2Fpages%2F149\" data-token=\"93e67bed4b4ac08af1b3294e8fd50ff1\" data-token-time=\"1776370738\"><noscript class=\"wpforms-error-noscript\">Bitte aktiviere JavaScript in deinem Browser, um dieses Formular fertigzustellen.<\/noscript><div class=\"wpforms-field-container\"><div id=\"wpforms-742-field_0-container\" class=\"wpforms-field wpforms-field-name\" data-field-id=\"0\"><label class=\"wpforms-field-label\">Name <span class=\"wpforms-required-label\">*<\/span><\/label><div class=\"wpforms-field-row wpforms-field-medium\"><div class=\"wpforms-field-row-block wpforms-first wpforms-one-half\"><input type=\"text\" id=\"wpforms-742-field_0\" class=\"wpforms-field-name-first wpforms-field-required\" name=\"wpforms[fields][0][first]\" required><label for=\"wpforms-742-field_0\" class=\"wpforms-field-sublabel after\">Vorname<\/label><\/div><div class=\"wpforms-field-row-block wpforms-one-half\"><input type=\"text\" id=\"wpforms-742-field_0-last\" class=\"wpforms-field-name-last wpforms-field-required\" name=\"wpforms[fields][0][last]\" required><label for=\"wpforms-742-field_0-last\" class=\"wpforms-field-sublabel after\">Nachname<\/label><\/div><\/div><\/div><div id=\"wpforms-742-field_1-container\" class=\"wpforms-field wpforms-field-email\" data-field-id=\"1\"><label class=\"wpforms-field-label\" for=\"wpforms-742-field_1\">Email <span class=\"wpforms-required-label\">*<\/span><\/label><input type=\"email\" id=\"wpforms-742-field_1\" class=\"wpforms-field-medium wpforms-field-required\" name=\"wpforms[fields][1]\" spellcheck=\"false\" required><\/div><div id=\"wpforms-742-field_3-container\" class=\"wpforms-field wpforms-field-text\" data-field-id=\"3\"><label class=\"wpforms-field-label\" for=\"wpforms-742-field_3\">Betreff <span class=\"wpforms-required-label\">*<\/span><\/label><input type=\"text\" id=\"wpforms-742-field_3\" class=\"wpforms-field-medium wpforms-field-required\" name=\"wpforms[fields][3]\" required><\/div><div id=\"wpforms-742-field_2-container\" class=\"wpforms-field wpforms-field-textarea\" data-field-id=\"2\"><label class=\"wpforms-field-label\" for=\"wpforms-742-field_2\">Bitte schreiben Sie Ihre Nachricht hier: <span class=\"wpforms-required-label\">*<\/span><\/label><textarea id=\"wpforms-742-field_2\" class=\"wpforms-field-medium wpforms-field-required\" name=\"wpforms[fields][2]\" required><\/textarea><\/div><\/div><!-- .wpforms-field-container --><div class=\"wpforms-submit-container\" ><input type=\"hidden\" name=\"wpforms[id]\" value=\"742\"><input type=\"hidden\" name=\"page_title\" value=\"\"><input type=\"hidden\" name=\"page_url\" value=\"https:\/\/tanok-art.com\/index.php?rest_route=\/wp\/v2\/pages\/149\"><input type=\"hidden\" name=\"url_referer\" value=\"\"><button type=\"submit\" name=\"wpforms[submit]\" id=\"wpforms-submit-742\" class=\"wpforms-submit\" data-alt-text=\"Sending...\" data-submit-text=\"Senden\" aria-live=\"assertive\" value=\"wpforms-submit\">Senden<\/button><img loading=\"lazy\" decoding=\"async\" src=\"https:\/\/tanok-art.com\/wp-content\/plugins\/wpforms-lite\/assets\/images\/submit-spin.svg\" class=\"wpforms-submit-spinner\" style=\"display: none;\" width=\"26\" height=\"26\" alt=\"Wird geladen\"><\/div><\/form><\/div>  <!-- .wpforms-container --><\/p>\n<p>\n<\/div><\/div>\n","protected":false},"excerpt":{"rendered":"<p>ueber_uns<\/p>\n","protected":false},"author":1,"featured_media":0,"parent":0,"menu_order":0,"comment_status":"closed","ping_status":"closed","template":"template-full-custom.php","meta":{"footnotes":""},"class_list":["post-149","page","type-page","status-publish","hentry"],"_links":{"self":[{"href":"https:\/\/tanok-art.com\/index.php?rest_route=\/wp\/v2\/pages\/149","targetHints":{"allow":["GET"]}}],"collection":[{"href":"https:\/\/tanok-art.com\/index.php?rest_route=\/wp\/v2\/pages"}],"about":[{"href":"https:\/\/tanok-art.com\/index.php?rest_route=\/wp\/v2\/types\/page"}],"author":[{"embeddable":true,"href":"https:\/\/tanok-art.com\/index.php?rest_route=\/wp\/v2\/users\/1"}],"replies":[{"embeddable":true,"href":"https:\/\/tanok-art.com\/index.php?rest_route=%2Fwp%2Fv2%2Fcomments&post=149"}],"version-history":[{"count":769,"href":"https:\/\/tanok-art.com\/index.php?rest_route=\/wp\/v2\/pages\/149\/revisions"}],"predecessor-version":[{"id":1241,"href":"https:\/\/tanok-art.com\/index.php?rest_route=\/wp\/v2\/pages\/149\/revisions\/1241"}],"wp:attachment":[{"href":"https:\/\/tanok-art.com\/index.php?rest_route=%2Fwp%2Fv2%2Fmedia&parent=149"}],"curies":[{"name":"wp","href":"https:\/\/api.w.org\/{rel}","templated":true}]}}